{"id":3511,"date":"2017-06-20T08:15:15","date_gmt":"2017-06-20T08:15:15","guid":{"rendered":"https:\/\/www.masterdp.uva.es\/?page_id=3511"},"modified":"2026-03-04T11:27:24","modified_gmt":"2026-03-04T11:27:24","slug":"jesus-perez-martinez","status":"publish","type":"page","link":"https:\/\/www.masterdp.uva.es\/index.php\/jesus-perez-martinez\/","title":{"rendered":"Jes\u00fas P\u00e9rez Mart\u00ednez"},"content":{"rendered":"<div class=\"et_pb_section_0 et_pb_section et_pb_fullwidth_section et_section_regular et_block_section\"><section class=\"et_pb_fullwidth_header_0 et_pb_fullwidth_header et_pb_bg_layout_light et_pb_text_align_left et_pb_module et_flex_module\"><div class=\"et_pb_fullwidth_header_container left\"><div class=\"header-content-container center\"><div class=\"header-content et_flex_module\"><h1 class=\"et_pb_module_header\">Jes\u00fas P\u00e9rez Mart\u00ednez<\/h1><span class=\"et_pb_fullwidth_header_subhead\">Associate Lecturer<\/span><div class=\"et_pb_header_button_wrapper\"><\/div><\/div><\/div><\/div><div class=\"et_pb_fullwidth_header_overlay\"><\/div><div class=\"et_pb_fullwidth_header_scroll\"><\/div><\/section><\/div><div class=\"et_pb_section_1 et_pb_section et_section_regular et_block_section\"><div class=\"et_pb_row_0 et_pb_row et_block_row\"><div class=\"et_pb_column_0 et_pb_column et_pb_column_1_3 et_block_column et_pb_css_mix_blend_mode_passthrough\"><div class=\"et_pb_image_0 et_pb_image et_pb_module et_block_module\"><span class=\"et_pb_image_wrap\"><img loading=\"lazy\" decoding=\"async\" src=\"https:\/\/www.masterdp.uva.es\/wp-content\/uploads\/2019\/02\/Jes\u00fas-fondo-negro.jpg\" width=\"275\" height=\"275\" srcset=\"https:\/\/www.masterdp.uva.es\/wp-content\/uploads\/2019\/02\/Jes\u00fas-fondo-negro.jpg 275w, https:\/\/www.masterdp.uva.es\/wp-content\/uploads\/2019\/02\/Jes\u00fas-fondo-negro-20x20.jpg 20w\" sizes=\"(max-width: 275px) 100vw, 275px\" class=\"wp-image-4773\" \/><\/span><\/div><div class=\"et_pb_text_0 et_pb_text et_pb_bg_layout_light et_pb_module et_block_module\"><div class=\"et_pb_text_inner\"><p style=\"text-align: center;\">Address:<\/p>\n<p style=\"text-align: center;\">Escuela de Ingenier\u00edas Industriales<\/p>\n<p style=\"text-align: center;\"><strong>Universidad de Valladolid<\/strong><\/p>\n<p style=\"text-align: center;\">Paseo del Cauce, 59<\/p>\n<p style=\"text-align: center;\">47011 \u2013 Valladolid, Spain<\/p>\n<p style=\"text-align: center;\"><strong>E-mail:\u00a0jpm@scwuimacproyectos.com<\/strong><\/p>\n<p>&nbsp;<\/p>\n<p style=\"text-align: center;\"><a href=\"http:\/\/scwuimacproyectos.com\/\" target=\"_blank\" rel=\"noopener\">http:\/\/scwuimacproyectos.com\/<\/a><\/p>\n<\/div><\/div><ul class=\"et_pb_social_media_follow_0 et_pb_social_media_follow clearfix et_pb_bg_layout_light et_pb_text_align_center et_pb_module et_block_module\"><li class=\"et_pb_social_media_follow_network_0 et_pb_social_media_follow_network et_pb_social_icon et_pb_social_network_link et-social-linkedin et_pb_module et_flex_module\"><a href=\"https:\/\/www.linkedin.com\/in\/jesuspm\" class=\"icon\" target=\"_self\" title=\"Seguir en  LinkedIn \" rel=\"noopener\"><span class=\"et_pb_social_media_follow_network_name\">Seguir<\/span><\/a><\/li><\/ul><\/div><div class=\"et_pb_column_1 et_pb_column et_pb_column_2_3 et-last-child et_block_column et_pb_css_mix_blend_mode_passthrough\"><div class=\"et_pb_text_1 et_pb_text et_pb_bg_layout_light et_pb_module et_block_module\"><div class=\"et_pb_text_inner\"><p><strong>Director of <a href=\"http:\/\/scwuimacproyectos.com\/\" target=\"_blank\" rel=\"noopener\">Scwuimac<\/a><\/strong><\/p>\n<p>Professional Accreditation: <a href=\"https:\/\/www.ipma.world\/individuals\/certification\/certified-project-manager-level-c\/\" target=\"_blank\" rel=\"noopener\">Certified Senior Project Manager - IPMA-C<\/a><\/p>\n<p>ORCID : <a href=\"https:\/\/orcid.org\/0000-0003-2020-8733\" target=\"_blank\" rel=\"noopener\">0000-0003-2020-8733<\/a><\/p>\n<hr>\n<p>&nbsp;<\/p>\n<p><strong>Short CV:<\/strong><\/p>\n<p><P ALIGN=\"justify\">Jes\u00fas P\u00e9rez Mart\u00ednez is <strong>Project Professional Director<\/strong>. He graduated from the <strong>University of Valladolid<\/strong> in <strong>Business Administration and Management<\/strong>, and <strong>Master in Project Management<\/strong>. He is also&nbsp;<strong>Expert in R&amp;D&amp;I International Projects<\/strong> by <strong>Technical University of Madrid<\/strong>. Jes\u00fas is the creator of the <strong>method Scwuimac! Business<\/strong> by Projects. He is Expert in the Germ, Analysis and Start-up of the Strategic Plans through the Launching, Organization and Pushing of Projects. In addition, he is familiar with the intricacies of R&amp;D&amp;I projects with a holistic vision in order to take advantage of his full potential.<\/p>\n<p>&nbsp;<\/p>\n<p>&nbsp;<\/p>\n<\/div><\/div><\/div><\/div><\/div>","protected":false},"excerpt":{"rendered":"","protected":false},"author":1,"featured_media":0,"parent":0,"menu_order":0,"comment_status":"closed","ping_status":"closed","template":"","meta":{"footnotes":""},"class_list":["post-3511","page","type-page","status-publish","hentry"],"_links":{"self":[{"href":"https:\/\/www.masterdp.uva.es\/index.php\/wp-json\/wp\/v2\/pages\/3511","targetHints":{"allow":["GET"]}}],"collection":[{"href":"https:\/\/www.masterdp.uva.es\/index.php\/wp-json\/wp\/v2\/pages"}],"about":[{"href":"https:\/\/www.masterdp.uva.es\/index.php\/wp-json\/wp\/v2\/types\/page"}],"author":[{"embeddable":true,"href":"https:\/\/www.masterdp.uva.es\/index.php\/wp-json\/wp\/v2\/users\/1"}],"replies":[{"embeddable":true,"href":"https:\/\/www.masterdp.uva.es\/index.php\/wp-json\/wp\/v2\/comments?post=3511"}],"version-history":[{"count":27,"href":"https:\/\/www.masterdp.uva.es\/index.php\/wp-json\/wp\/v2\/pages\/3511\/revisions"}],"predecessor-version":[{"id":6738,"href":"https:\/\/www.masterdp.uva.es\/index.php\/wp-json\/wp\/v2\/pages\/3511\/revisions\/6738"}],"wp:attachment":[{"href":"https:\/\/www.masterdp.uva.es\/index.php\/wp-json\/wp\/v2\/media?parent=3511"}],"curies":[{"name":"wp","href":"https:\/\/api.w.org\/{rel}","templated":true}]}}