{"id":5384,"date":"2019-11-05T11:41:12","date_gmt":"2019-11-05T11:41:12","guid":{"rendered":"https:\/\/www.masterdp.uva.es\/?page_id=5384"},"modified":"2026-03-04T11:27:29","modified_gmt":"2026-03-04T11:27:29","slug":"politica-de-privacidad","status":"publish","type":"page","link":"https:\/\/www.masterdp.uva.es\/index.php\/politica-de-privacidad\/","title":{"rendered":"Pol\u00edtica de privacidad"},"content":{"rendered":"<div class=\"et_pb_section_0 et_pb_section et_pb_fullwidth_section et_section_regular et_block_section\"><section class=\"et_pb_fullwidth_header_0 et_pb_fullwidth_header et_pb_bg_layout_light et_pb_text_align_center et_pb_module et_flex_module\"><div class=\"et_pb_fullwidth_header_container center\"><div class=\"header-content-container center\"><div class=\"header-content et_flex_module\"><h1 class=\"et_pb_module_header\">Pol\u00edtica de privacidad<\/h1><div class=\"et_pb_header_button_wrapper\"><\/div><\/div><\/div><\/div><div class=\"et_pb_fullwidth_header_overlay\"><\/div><div class=\"et_pb_fullwidth_header_scroll\"><\/div><\/section><\/div><div class=\"et_pb_section_1 et_pb_section et_section_regular et_block_section\"><div class=\"et_pb_row_0 et_pb_row et_block_row\"><div class=\"et_pb_column_0 et_pb_column et_pb_column_4_4 et-last-child et_block_column et_pb_css_mix_blend_mode_passthrough\"><div class=\"et_pb_text_0 et_pb_text et_pb_bg_layout_light et_pb_module et_block_module\"><div class=\"et_pb_text_inner\"><p style=\"text-align: justify;\">Debido al car\u00e1cter Oficial del M\u00e1ster en Direcci\u00f3n de Proyectos de la Universidad de Valladolid, el <strong>Responsable del tratamiento<\/strong> de los datos dirigidos a la secretar\u00eda administrativa (Escuela de Ingenier\u00edas Industriales, Sede Paseo del Cauce, 59. Valladolid. Departamento de Organizaci\u00f3n de Empresas y CIM. Natividad Cabreros Mart\u00ednez (natividad.cabreros@uva.es - 983 42 36 31), as\u00ed como al Director y coordinador del M\u00e1ster, Javier Pajares Guti\u00e9rrez (<span id=\"et-info-email\"><a href=\"mailto:coordinador.master.dp@eii.uva.es\">coordinador.master.dp@eii.uva.es<\/a>), <strong>es la propia <a href=\"https:\/\/secretariageneral.uva.es\/competencias\/proteccion-de-datos\/\" target=\"_blank\" rel=\"noopener\">Universidad de Valladolid<\/a>, <\/strong>por lo que ante cualquier duda recomendamos revisar la pol\u00edtica de privacidad de la misma, o contactar con el Delegado de Protecci\u00f3n de Datos de la UVa (delegado.proteccion.datos@uva.es).<\/span><\/p>\n<p style=\"text-align: justify;\">La pol\u00edtica de privacidad aqu\u00ed presente, referencia a las comunicaciones que el usuario lleve a cabo con el gestor de la p\u00e1gina web no oficial www.masterdp.uva.es y redes sociales del M\u00e1ster en Direcci\u00f3n de Proyectos de la Universidad de Valladolid.<\/p>\n<p style=\"text-align: justify;\">La p\u00e1gina web, www.masterdp.uva.es, est\u00e1 gestionada por\u00a0<a href=\"https:\/\/www.insisoc.uva.es\/\" target=\"_blank\" rel=\"noopener\">INSISOC<\/a>, Grupo de Investigaci\u00f3n Reconocido (GIR) de la Universidad de Valladolid, que es el Responsable del tratamiento de los datos personales del usuario que contacten con dicho GIR, a trav\u00e9s de sus datos de contacto, y le informa que estos datos sera\u0301n tratados de conformidad con lo dispuesto en el Reglamento (UE) 2016\/679 de 27 de abril de 2016 (GDPR), por lo que se le facilita la siguiente informacio\u0301n del tratamiento.<\/p>\n<p>&nbsp;<\/p>\n<h5 style=\"text-align: justify;\"><strong>1. Responsable del tratamiento<\/strong><\/h5>\n<p style=\"text-align: justify;\">INSISOC \u2013 Ingenier\u00eda de los Sistemas Sociales \u2013 Grupo de Investigaci\u00f3n Reconocido de la Universidad de Valladolid<br \/>\nDirecci\u00f3n: Edificio UVainnova (I+D) \u2013 Campus Miguel Delibes \u2013 Paseo de Bel\u00e9n, 11 \u2013 47011 Valladolid<br \/>\nTel\u00e9fono: 983 18 47 03<br \/>\nCorreo electr\u00f3nico: innovacion@insisoc.uva.es<\/p>\n<p>&nbsp;<\/p>\n<h5 style=\"text-align: justify;\"><strong>2. Finalidades para las que se recaba informaci\u00f3n personal<\/strong><\/h5>\n<p style=\"text-align: justify;\">Los datos facilitados ser\u00e1n utilizados con el fin de mantener las comunicaciones seg\u00fan la informaci\u00f3n solicitada. As\u00ed mismo le informamos de que sus datos podr\u00edan ser recabados en un fichero para el posible env\u00edo de noticias o formaci\u00f3n relacionada con el m\u00e1ster en direcci\u00f3n de proyectos, noticias o servicios relacionados con el grupo de investigaci\u00f3n Insisoc o la Universidad de Valladolid, pudiendo ejercer su derecho inmediato de cancelaci\u00f3n de env\u00edos.<\/p>\n<p>&nbsp;<\/p>\n<h5 style=\"text-align: justify;\"><strong>3. Base legal del tratamiento<\/strong><\/h5>\n<p style=\"text-align: justify;\">INSISOC es un Grupo de Investigaci\u00f3n Reconocido (GIR) de la Universidad de Valladolid, dedicado a la Ingenier\u00eda de los Sistemas Sociales. Algunos de los profesores del M\u00e1ster en Direcci\u00f3n de Proyectos de la Universidad de Valladolid, pertenecen a este grupo de investigaci\u00f3n, dedicado a la realizaci\u00f3n de\u00a0proyectos con empresas a trav\u00e9s del art\u00edculo 83 de la Ley Org\u00e1nica de Universidades, para prestar servicio relativo a tres campos de actuaci\u00f3n, que son la Transformaci\u00f3n Digital, la Organizaci\u00f3n Industrial y la Direcci\u00f3n de Proyectos, contando en este \u00faltimo \u00e1mbito con reconocido prestigio, acreditaciones, asistencia a Congresos y publicaciones en importantes revistas, todo ello de car\u00e1cter nacional e internacional.<\/p>\n<p style=\"text-align: justify;\">El M\u00e1ster Oficial en Direcci\u00f3n de Proyectos de la Universidad de Valladolid, lleva imparti\u00e9ndose por este Grupo de Investigaci\u00f3n desde el a\u00f1o 2005 como T\u00edtulo Propio de la UVa, adquiriendo car\u00e1cter Oficial desde el curso 2018\/2019. Es por ello que prestamos el servicio de comunicaci\u00f3n a trav\u00e9s de esta web www.masterdp.uva.es, con el fin de dar a conocer las actividades que en el m\u00e1ster se producen.<\/p>\n<p style=\"text-align: justify;\">Es esta actividad la base de las comunicaciones que nos puedan dirigir, y por las que podr\u00edamos recopilar los datos de los interesados, para seguir ofreciendo actividades de formaci\u00f3n, noticias o servicios, referentes al GIR o a los estudios de M\u00e1ster, de la UVa, que pudieran ser de inter\u00e9s a aquellos que tengan alguna relaci\u00f3n con este m\u00e1ster o contacto a trav\u00e9s de la web.<\/p>\n<p style=\"text-align: justify;\">Los interesados disponen de una casilla de aceptaci\u00f3n de esta Pol\u00edtica de Privacidad antes de poder ponerse en contacto con nosotros a trav\u00e9s de nuestros formularios web, con lo que, al igual que quienes nos contacten directamente mediante correo electr\u00f3nico, otorgan su consentimiento frente al tratamiento de datos indicado.<\/p>\n<p style=\"text-align: justify;\">Insisoc se reserva el derecho a modificar o adaptar la presente Pol\u00edtica de Privacidad en todo momento, por lo que recomendamos que el interesado la consulte cada vez que acceda a la p\u00e1gina web.<\/p>\n<p>&nbsp;<\/p>\n<h5 style=\"text-align: justify;\"><strong>4. Datos recopilados<\/strong><\/h5>\n<p style=\"text-align: justify;\">Datos de identificaci\u00f3n y contacto: Nombre, correo electr\u00f3nico, tel\u00e9fono (opcional).<br \/>\nOtros datos otorgados por el interesado como Nombre de la empresa.<\/p>\n<p>&nbsp;<\/p>\n<h5 style=\"text-align: justify;\"><strong>5. Cesi\u00f3n de datos<\/strong><\/h5>\n<p style=\"text-align: justify;\">Los datos no ser\u00e1n cedidos a terceros, salvo obligaci\u00f3n legal. No se prev\u00e9n cesiones de datos internacionales.<\/p>\n<p>&nbsp;<\/p>\n<h5 style=\"text-align: justify;\"><strong>6. Periodo de conservaci\u00f3n de los datos<\/strong><\/h5>\n<p style=\"text-align: justify;\">Los datos personales proporcionados se conservar\u00e1n por el tiempo indispensable para responder a la solicitud del interesado, o en caso de que queden almacenados en un archivo para el posible env\u00edo posterior de actividades de formaci\u00f3n, servicios o noticias de Insisoc y de la UVa, se conservar\u00e1n hasta que el interesado exprese su deseo de oposici\u00f3n o cancelaci\u00f3n de los mismos.<\/p>\n<p>&nbsp;<\/p>\n<h5 style=\"text-align: justify;\"><strong>7. Medidas de seguridad<br \/>\n<\/strong><\/h5>\n<p style=\"text-align: justify;\">Se aplicar\u00e1n las medidas de seguridad de \u00edndole organizativa, operacional y de protecci\u00f3n de datos, mediante contrase\u00f1as en los dispositivos y cerraduras de acceso a las oficinas. El edificio tambi\u00e9n dispone de c\u00e1mara de videovigilancia en el acceso al edificio.<\/p>\n<p>&nbsp;<\/p>\n<h5 style=\"text-align: justify;\"><strong>8. Derechos de las personas interesadas<\/strong><\/h5>\n<p style=\"text-align: justify;\">Tiene derecho al acceso, rectificacio\u0301n, oposici\u00f3n y cancelaci\u00f3n de sus datos (Derechos ARCO), en caso de que estos sean recopilados, contactando con innovacion@insisoc.uva.es, tel\u00e9fono 983 18 47 03, Edificio UVainnova (I+D), Campus Miguel Delibes,\u00a0Paseo de Bel\u00e9n, 11,\u00a0 47011 Valladolid (Espa\u00f1a).<\/p>\n<p>&nbsp;<\/p>\n<p style=\"text-align: justify;\"><em>\u00daltima modificaci\u00f3n: 5 de noviembre de 2019<\/em><\/p>\n<\/div><\/div><\/div><\/div><\/div>","protected":false},"excerpt":{"rendered":"","protected":false},"author":3,"featured_media":0,"parent":0,"menu_order":0,"comment_status":"closed","ping_status":"closed","template":"","meta":{"footnotes":""},"class_list":["post-5384","page","type-page","status-publish","hentry"],"_links":{"self":[{"href":"https:\/\/www.masterdp.uva.es\/index.php\/wp-json\/wp\/v2\/pages\/5384","targetHints":{"allow":["GET"]}}],"collection":[{"href":"https:\/\/www.masterdp.uva.es\/index.php\/wp-json\/wp\/v2\/pages"}],"about":[{"href":"https:\/\/www.masterdp.uva.es\/index.php\/wp-json\/wp\/v2\/types\/page"}],"author":[{"embeddable":true,"href":"https:\/\/www.masterdp.uva.es\/index.php\/wp-json\/wp\/v2\/users\/3"}],"replies":[{"embeddable":true,"href":"https:\/\/www.masterdp.uva.es\/index.php\/wp-json\/wp\/v2\/comments?post=5384"}],"version-history":[{"count":7,"href":"https:\/\/www.masterdp.uva.es\/index.php\/wp-json\/wp\/v2\/pages\/5384\/revisions"}],"predecessor-version":[{"id":6749,"href":"https:\/\/www.masterdp.uva.es\/index.php\/wp-json\/wp\/v2\/pages\/5384\/revisions\/6749"}],"wp:attachment":[{"href":"https:\/\/www.masterdp.uva.es\/index.php\/wp-json\/wp\/v2\/media?parent=5384"}],"curies":[{"name":"wp","href":"https:\/\/api.w.org\/{rel}","templated":true}]}}